{"id":40894,"date":"2025-10-20T14:39:55","date_gmt":"2025-10-20T13:39:55","guid":{"rendered":"https:\/\/www.respomaga.si\/izdelek\/mlinin-g-fuer-eine-ausgeglichene-gallenblasenfunktion\/"},"modified":"2026-03-12T12:29:15","modified_gmt":"2026-03-12T11:29:15","slug":"mlinin-g-fuer-eine-ausgeglichene-gallenblasenfunktion","status":"publish","type":"product","link":"https:\/\/www.respomaga.si\/de\/izdelek\/mlinin-g-fuer-eine-ausgeglichene-gallenblasenfunktion\/","title":{"rendered":"MLININ G &#8211; LOT24\/28, f\u00fcr eine ausgeglichene Gallenblasenfunktion"},"content":{"rendered":"<div class=\"row\">\n<div class=\"col-xs-12 col-sm-4\">\n<div class=\"cms-block\">\n<p>GEBRAUCHSANWEISUNG<br \/>\nDie empfohlene Tagesdosis betr\u00e4gt ein bis drei Kapseln mit einem Glas Wasser. Das Produkt kann maximal drei Monate lang angewendet werden. Diese Erhaltungskur kann nach drei bis sechs Monaten wiederholt werden.<br \/>\n<span style=\"color: #000000;\">AUFBEWAHRUNG<\/span><br \/>\nAu\u00dferhalb der Reichweite von Kindern aufbewahren! Gut verschlossen, trocken und bei einer Temperatur von maximal 25 \u00b0C lagern.<br \/>\n<span style=\"color: #000000;\">WARNUNG<\/span><br \/>\nDie empfohlene Tagesdosis darf nicht \u00fcberschritten werden. Dieses Nahrungserg\u00e4nzungsmittel ist kein Ersatz f\u00fcr eine ausgewogene und abwechslungsreiche Ern\u00e4hrung. Nicht f\u00fcr Kinder und Schwangere empfohlen.<br \/>\n<span style=\"color: #000000;\">ZUTATEN<\/span><br \/>\nH\u00fchnermagenhaut 298 mg, Mariendistel 298 mg und Zellulosekapselh\u00fclle<br \/>\n<span style=\"color: #000000;\">HALTBARKEIT<\/span><br \/>\n6 Monate. Das Produktionsdatum befindet sich auf der Verpackung.<br \/>\n<span style=\"color: #000000;\">HERSTELLER<\/span><b><br \/>\n<\/b>Vizinaris d.o.o., Slovenija<br \/>\nNettogewicht<br \/>\n21,6 g<\/p>\n<\/div>\n<\/div>\n<\/div>\n","protected":false},"excerpt":{"rendered":"<p>Nahrungserg\u00e4nzungsmittel aus Mariendistel und getrockneten H\u00fchnermagenh\u00e4uten in Zellulosekapseln. Das Produkt ist nat\u00fcrlich, wird aus slowenischen Zutaten hergestellt und ist frei von Zusatzstoffen. Es unterst\u00fctzt die Gallenblasenfunktion und f\u00f6rdert die Verdauung.<\/p>\n<p><strong>Menge<\/strong>: 30 Kapseln<\/p>\n","protected":false},"featured_media":41290,"comment_status":"open","ping_status":"closed","template":"","meta":[],"product_brand":[],"product_cat":[97],"product_tag":[],"class_list":{"0":"post-40894","1":"product","2":"type-product","3":"status-publish","4":"has-post-thumbnail","6":"product_cat-prehranska-dopolnila","8":"first","9":"instock","10":"shipping-taxable","11":"purchasable","12":"product-type-simple"},"yoast_head":"<!-- This site is optimized with the Yoast SEO plugin v27.1.1 - https:\/\/yoast.com\/product\/yoast-seo-wordpress\/ -->\n<title>MLININ G - LOT24\/28, f\u00fcr eine ausgeglichene Gallenblasenfunktion - RESPOMAGA<\/title>\n<meta name=\"description\" content=\"Ein nat\u00fcrliches Nahrungserg\u00e4nzungsmittel aus Mariendistel und H\u00fchnermagenhaut, hergestellt aus slowenischen Zutaten, ohne Zusatzstoffe. Unterst\u00fctzt die Gallenblase und eine gesunde Verdauung.\" \/>\n<meta name=\"robots\" content=\"index, follow, max-snippet:-1, max-image-preview:large, max-video-preview:-1\" \/>\n<link rel=\"canonical\" href=\"https:\/\/www.respomaga.si\/de\/izdelek\/mlinin-g-fuer-eine-ausgeglichene-gallenblasenfunktion\/\" \/>\n<meta property=\"og:locale\" content=\"de_DE\" \/>\n<meta property=\"og:type\" content=\"article\" \/>\n<meta property=\"og:title\" content=\"MLININ G - LOT24\/28, f\u00fcr eine ausgeglichene Gallenblasenfunktion - RESPOMAGA\" \/>\n<meta property=\"og:description\" content=\"Ein nat\u00fcrliches Nahrungserg\u00e4nzungsmittel aus Mariendistel und H\u00fchnermagenhaut, hergestellt aus slowenischen Zutaten, ohne Zusatzstoffe. Unterst\u00fctzt die Gallenblase und eine gesunde Verdauung.\" \/>\n<meta property=\"og:url\" content=\"https:\/\/www.respomaga.si\/de\/izdelek\/mlinin-g-fuer-eine-ausgeglichene-gallenblasenfunktion\/\" \/>\n<meta property=\"og:site_name\" content=\"RESPOMAGA\" \/>\n<meta property=\"article:modified_time\" content=\"2026-03-12T11:29:15+00:00\" \/>\n<meta property=\"og:image\" content=\"https:\/\/www.respomaga.si\/wp-content\/uploads\/2026\/01\/mlinin-g-fur-gallenblasen-funktion.webp\" \/>\n\t<meta property=\"og:image:width\" content=\"826\" \/>\n\t<meta property=\"og:image:height\" content=\"1102\" \/>\n\t<meta property=\"og:image:type\" content=\"image\/webp\" \/>\n<meta name=\"twitter:card\" content=\"summary_large_image\" \/>\n<meta name=\"twitter:label1\" content=\"Gesch\u00e4tzte Lesezeit\" \/>\n\t<meta name=\"twitter:data1\" content=\"1\u00a0Minute\" \/>\n<script type=\"application\/ld+json\" class=\"yoast-schema-graph\">{\"@context\":\"https:\/\/schema.org\",\"@graph\":[{\"@type\":\"WebPage\",\"@id\":\"https:\/\/www.respomaga.si\/de\/izdelek\/mlinin-g-fuer-eine-ausgeglichene-gallenblasenfunktion\/\",\"url\":\"https:\/\/www.respomaga.si\/de\/izdelek\/mlinin-g-fuer-eine-ausgeglichene-gallenblasenfunktion\/\",\"name\":\"MLININ G - LOT24\/28, f\u00fcr eine ausgeglichene Gallenblasenfunktion - RESPOMAGA\",\"isPartOf\":{\"@id\":\"https:\/\/www.respomaga.si\/#website\"},\"primaryImageOfPage\":{\"@id\":\"https:\/\/www.respomaga.si\/de\/izdelek\/mlinin-g-fuer-eine-ausgeglichene-gallenblasenfunktion\/#primaryimage\"},\"image\":{\"@id\":\"https:\/\/www.respomaga.si\/de\/izdelek\/mlinin-g-fuer-eine-ausgeglichene-gallenblasenfunktion\/#primaryimage\"},\"thumbnailUrl\":\"https:\/\/www.respomaga.si\/wp-content\/uploads\/2026\/01\/mlinin-g-fur-gallenblasen-funktion.webp\",\"datePublished\":\"2025-10-20T13:39:55+00:00\",\"dateModified\":\"2026-03-12T11:29:15+00:00\",\"description\":\"Ein nat\u00fcrliches Nahrungserg\u00e4nzungsmittel aus Mariendistel und H\u00fchnermagenhaut, hergestellt aus slowenischen Zutaten, ohne Zusatzstoffe. Unterst\u00fctzt die Gallenblase und eine gesunde Verdauung.\",\"breadcrumb\":{\"@id\":\"https:\/\/www.respomaga.si\/de\/izdelek\/mlinin-g-fuer-eine-ausgeglichene-gallenblasenfunktion\/#breadcrumb\"},\"inLanguage\":\"de\",\"potentialAction\":[{\"@type\":\"ReadAction\",\"target\":[\"https:\/\/www.respomaga.si\/de\/izdelek\/mlinin-g-fuer-eine-ausgeglichene-gallenblasenfunktion\/\"]}]},{\"@type\":\"ImageObject\",\"inLanguage\":\"de\",\"@id\":\"https:\/\/www.respomaga.si\/de\/izdelek\/mlinin-g-fuer-eine-ausgeglichene-gallenblasenfunktion\/#primaryimage\",\"url\":\"https:\/\/www.respomaga.si\/wp-content\/uploads\/2026\/01\/mlinin-g-fur-gallenblasen-funktion.webp\",\"contentUrl\":\"https:\/\/www.respomaga.si\/wp-content\/uploads\/2026\/01\/mlinin-g-fur-gallenblasen-funktion.webp\",\"width\":826,\"height\":1102},{\"@type\":\"BreadcrumbList\",\"@id\":\"https:\/\/www.respomaga.si\/de\/izdelek\/mlinin-g-fuer-eine-ausgeglichene-gallenblasenfunktion\/#breadcrumb\",\"itemListElement\":[{\"@type\":\"ListItem\",\"position\":1,\"name\":\"Home\",\"item\":\"https:\/\/www.respomaga.si\/de\/\"},{\"@type\":\"ListItem\",\"position\":2,\"name\":\"Shop\",\"item\":\"https:\/\/www.respomaga.si\/shop\/\"},{\"@type\":\"ListItem\",\"position\":3,\"name\":\"MLININ G &#8211; LOT24\/28, f\u00fcr eine ausgeglichene Gallenblasenfunktion\"}]},{\"@type\":\"WebSite\",\"@id\":\"https:\/\/www.respomaga.si\/#website\",\"url\":\"https:\/\/www.respomaga.si\/\",\"name\":\"RESPOMAGA\",\"description\":\"\",\"potentialAction\":[{\"@type\":\"SearchAction\",\"target\":{\"@type\":\"EntryPoint\",\"urlTemplate\":\"https:\/\/www.respomaga.si\/?s={search_term_string}\"},\"query-input\":{\"@type\":\"PropertyValueSpecification\",\"valueRequired\":true,\"valueName\":\"search_term_string\"}}],\"inLanguage\":\"de\"}]}<\/script>\n<!-- \/ Yoast SEO plugin. -->","yoast_head_json":{"title":"MLININ G - LOT24\/28, f\u00fcr eine ausgeglichene Gallenblasenfunktion - RESPOMAGA","description":"Ein nat\u00fcrliches Nahrungserg\u00e4nzungsmittel aus Mariendistel und H\u00fchnermagenhaut, hergestellt aus slowenischen Zutaten, ohne Zusatzstoffe. Unterst\u00fctzt die Gallenblase und eine gesunde Verdauung.","robots":{"index":"index","follow":"follow","max-snippet":"max-snippet:-1","max-image-preview":"max-image-preview:large","max-video-preview":"max-video-preview:-1"},"canonical":"https:\/\/www.respomaga.si\/de\/izdelek\/mlinin-g-fuer-eine-ausgeglichene-gallenblasenfunktion\/","og_locale":"de_DE","og_type":"article","og_title":"MLININ G - LOT24\/28, f\u00fcr eine ausgeglichene Gallenblasenfunktion - RESPOMAGA","og_description":"Ein nat\u00fcrliches Nahrungserg\u00e4nzungsmittel aus Mariendistel und H\u00fchnermagenhaut, hergestellt aus slowenischen Zutaten, ohne Zusatzstoffe. Unterst\u00fctzt die Gallenblase und eine gesunde Verdauung.","og_url":"https:\/\/www.respomaga.si\/de\/izdelek\/mlinin-g-fuer-eine-ausgeglichene-gallenblasenfunktion\/","og_site_name":"RESPOMAGA","article_modified_time":"2026-03-12T11:29:15+00:00","og_image":[{"width":826,"height":1102,"url":"https:\/\/www.respomaga.si\/wp-content\/uploads\/2026\/01\/mlinin-g-fur-gallenblasen-funktion.webp","type":"image\/webp"}],"twitter_card":"summary_large_image","twitter_misc":{"Gesch\u00e4tzte Lesezeit":"1\u00a0Minute"},"schema":{"@context":"https:\/\/schema.org","@graph":[{"@type":"WebPage","@id":"https:\/\/www.respomaga.si\/de\/izdelek\/mlinin-g-fuer-eine-ausgeglichene-gallenblasenfunktion\/","url":"https:\/\/www.respomaga.si\/de\/izdelek\/mlinin-g-fuer-eine-ausgeglichene-gallenblasenfunktion\/","name":"MLININ G - LOT24\/28, f\u00fcr eine ausgeglichene Gallenblasenfunktion - RESPOMAGA","isPartOf":{"@id":"https:\/\/www.respomaga.si\/#website"},"primaryImageOfPage":{"@id":"https:\/\/www.respomaga.si\/de\/izdelek\/mlinin-g-fuer-eine-ausgeglichene-gallenblasenfunktion\/#primaryimage"},"image":{"@id":"https:\/\/www.respomaga.si\/de\/izdelek\/mlinin-g-fuer-eine-ausgeglichene-gallenblasenfunktion\/#primaryimage"},"thumbnailUrl":"https:\/\/www.respomaga.si\/wp-content\/uploads\/2026\/01\/mlinin-g-fur-gallenblasen-funktion.webp","datePublished":"2025-10-20T13:39:55+00:00","dateModified":"2026-03-12T11:29:15+00:00","description":"Ein nat\u00fcrliches Nahrungserg\u00e4nzungsmittel aus Mariendistel und H\u00fchnermagenhaut, hergestellt aus slowenischen Zutaten, ohne Zusatzstoffe. Unterst\u00fctzt die Gallenblase und eine gesunde Verdauung.","breadcrumb":{"@id":"https:\/\/www.respomaga.si\/de\/izdelek\/mlinin-g-fuer-eine-ausgeglichene-gallenblasenfunktion\/#breadcrumb"},"inLanguage":"de","potentialAction":[{"@type":"ReadAction","target":["https:\/\/www.respomaga.si\/de\/izdelek\/mlinin-g-fuer-eine-ausgeglichene-gallenblasenfunktion\/"]}]},{"@type":"ImageObject","inLanguage":"de","@id":"https:\/\/www.respomaga.si\/de\/izdelek\/mlinin-g-fuer-eine-ausgeglichene-gallenblasenfunktion\/#primaryimage","url":"https:\/\/www.respomaga.si\/wp-content\/uploads\/2026\/01\/mlinin-g-fur-gallenblasen-funktion.webp","contentUrl":"https:\/\/www.respomaga.si\/wp-content\/uploads\/2026\/01\/mlinin-g-fur-gallenblasen-funktion.webp","width":826,"height":1102},{"@type":"BreadcrumbList","@id":"https:\/\/www.respomaga.si\/de\/izdelek\/mlinin-g-fuer-eine-ausgeglichene-gallenblasenfunktion\/#breadcrumb","itemListElement":[{"@type":"ListItem","position":1,"name":"Home","item":"https:\/\/www.respomaga.si\/de\/"},{"@type":"ListItem","position":2,"name":"Shop","item":"https:\/\/www.respomaga.si\/shop\/"},{"@type":"ListItem","position":3,"name":"MLININ G &#8211; LOT24\/28, f\u00fcr eine ausgeglichene Gallenblasenfunktion"}]},{"@type":"WebSite","@id":"https:\/\/www.respomaga.si\/#website","url":"https:\/\/www.respomaga.si\/","name":"RESPOMAGA","description":"","potentialAction":[{"@type":"SearchAction","target":{"@type":"EntryPoint","urlTemplate":"https:\/\/www.respomaga.si\/?s={search_term_string}"},"query-input":{"@type":"PropertyValueSpecification","valueRequired":true,"valueName":"search_term_string"}}],"inLanguage":"de"}]}},"_links":{"self":[{"href":"https:\/\/www.respomaga.si\/de\/wp-json\/wp\/v2\/product\/40894","targetHints":{"allow":["GET"]}}],"collection":[{"href":"https:\/\/www.respomaga.si\/de\/wp-json\/wp\/v2\/product"}],"about":[{"href":"https:\/\/www.respomaga.si\/de\/wp-json\/wp\/v2\/types\/product"}],"replies":[{"embeddable":true,"href":"https:\/\/www.respomaga.si\/de\/wp-json\/wp\/v2\/comments?post=40894"}],"version-history":[{"count":4,"href":"https:\/\/www.respomaga.si\/de\/wp-json\/wp\/v2\/product\/40894\/revisions"}],"predecessor-version":[{"id":41785,"href":"https:\/\/www.respomaga.si\/de\/wp-json\/wp\/v2\/product\/40894\/revisions\/41785"}],"wp:featuredmedia":[{"embeddable":true,"href":"https:\/\/www.respomaga.si\/de\/wp-json\/wp\/v2\/media\/41290"}],"wp:attachment":[{"href":"https:\/\/www.respomaga.si\/de\/wp-json\/wp\/v2\/media?parent=40894"}],"wp:term":[{"taxonomy":"product_brand","embeddable":true,"href":"https:\/\/www.respomaga.si\/de\/wp-json\/wp\/v2\/product_brand?post=40894"},{"taxonomy":"product_cat","embeddable":true,"href":"https:\/\/www.respomaga.si\/de\/wp-json\/wp\/v2\/product_cat?post=40894"},{"taxonomy":"product_tag","embeddable":true,"href":"https:\/\/www.respomaga.si\/de\/wp-json\/wp\/v2\/product_tag?post=40894"}],"curies":[{"name":"wp","href":"https:\/\/api.w.org\/{rel}","templated":true}]}}