{"id":40909,"date":"2025-10-20T14:34:17","date_gmt":"2025-10-20T13:34:17","guid":{"rendered":"https:\/\/www.respomaga.si\/izdelek\/mariendistel-zur-entgiftung-und-fuer-eine-gesunde-leberfunktion\/"},"modified":"2026-01-28T16:14:25","modified_gmt":"2026-01-28T15:14:25","slug":"mariendistel-zur-entgiftung-und-fuer-eine-gesunde-leberfunktion","status":"publish","type":"product","link":"https:\/\/www.respomaga.si\/de\/izdelek\/mariendistel-zur-entgiftung-und-fuer-eine-gesunde-leberfunktion\/","title":{"rendered":"Mariendistel, zur Entgiftung und f\u00fcr eine gesunde Leberfunktion"},"content":{"rendered":"<div class=\"row\">\n<div class=\"col-xs-12 col-sm-4\">\n<div class=\"cms-block\">\n<p><span style=\"color: #000000;\">ANWENDUNG<\/span><br \/>\nDie empfohlene Tagesdosis betr\u00e4gt ein bis drei Kapseln mit einem Glas Wasser oder zu einer Mahlzeit. Das Produkt kann maximal drei Monate lang angewendet werden. Diese unterst\u00fctzende Behandlung kann nach drei bis sechs Monaten wiederholt werden.<br \/>\n<span style=\"color: #000000;\">AUFBEWAHRUNG<\/span><br \/>\nAu\u00dferhalb der Reichweite von Kindern aufbewahren! Gut verschlossen, trocken und bei einer Temperatur von maximal 25 \u00b0C lagern.<br \/>\n<span style=\"color: #000000;\">WARNUNG<\/span><br \/>\nDie empfohlene Tagesdosis darf nicht \u00fcberschritten werden. Dieses Nahrungserg\u00e4nzungsmittel ist kein Ersatz f\u00fcr eine ausgewogene und abwechslungsreiche Ern\u00e4hrung. Nicht f\u00fcr Kinder und Schwangere empfohlen.<br \/>\nZUTATEN<br \/>\nMariendistel 534 mg und Cellulosekapselh\u00fclle<br \/>\n<span style=\"color: #000000;\">HALTBARKEIT<\/span><br \/>\n6 Monate. Das Produktionsdatum befindet sich auf der Verpackung.<br \/>\n<span style=\"color: #000000;\">HERSTELLER<\/span><b><br \/>\n<\/b>Vizinaris d.o.o., Slovenija<br \/>\nNettogewicht<br \/>\n19,7 g<\/p>\n<\/div>\n<\/div>\n<\/div>\n","protected":false},"excerpt":{"rendered":"<p>Ein Nahrungserg\u00e4nzungsmittel f\u00fcr alle, die ihre Leberfunktion erhalten und f\u00f6rdern m\u00f6chten. Das Produkt ist nat\u00fcrlich und frei von jeglichen Zusatzstoffen. Die Kapseln enthalten Zellulose.<\/p>\n<p><strong>Menge<\/strong>: 30 Kapseln<\/p>\n","protected":false},"featured_media":41288,"comment_status":"open","ping_status":"closed","template":"","meta":[],"product_brand":[],"product_cat":[97],"product_tag":[],"class_list":{"0":"post-40909","1":"product","2":"type-product","3":"status-publish","4":"has-post-thumbnail","6":"product_cat-prehranska-dopolnila","8":"first","9":"instock","10":"shipping-taxable","11":"purchasable","12":"product-type-simple"},"yoast_head":"<!-- This site is optimized with the Yoast SEO plugin v27.1.1 - https:\/\/yoast.com\/product\/yoast-seo-wordpress\/ -->\n<title>Mariendistel, zur Entgiftung und f\u00fcr eine gesunde Leberfunktion - RESPOMAGA<\/title>\n<meta name=\"robots\" content=\"index, follow, max-snippet:-1, max-image-preview:large, max-video-preview:-1\" \/>\n<link rel=\"canonical\" href=\"https:\/\/www.respomaga.si\/de\/izdelek\/mariendistel-zur-entgiftung-und-fuer-eine-gesunde-leberfunktion\/\" \/>\n<meta property=\"og:locale\" content=\"de_DE\" \/>\n<meta property=\"og:type\" content=\"article\" \/>\n<meta property=\"og:title\" content=\"Mariendistel, zur Entgiftung und f\u00fcr eine gesunde Leberfunktion - RESPOMAGA\" \/>\n<meta property=\"og:description\" content=\"Ein Nahrungserg\u00e4nzungsmittel f\u00fcr alle, die ihre Leberfunktion erhalten und f\u00f6rdern m\u00f6chten. Das Produkt ist nat\u00fcrlich und frei von jeglichen Zusatzstoffen. Die Kapseln enthalten Zellulose.  Menge: 30 Kapseln\" \/>\n<meta property=\"og:url\" content=\"https:\/\/www.respomaga.si\/de\/izdelek\/mariendistel-zur-entgiftung-und-fuer-eine-gesunde-leberfunktion\/\" \/>\n<meta property=\"og:site_name\" content=\"RESPOMAGA\" \/>\n<meta property=\"article:modified_time\" content=\"2026-01-28T15:14:25+00:00\" \/>\n<meta property=\"og:image\" content=\"https:\/\/www.respomaga.si\/wp-content\/uploads\/2026\/01\/mariendistel-fur-gesunde-leber.webp\" \/>\n\t<meta property=\"og:image:width\" content=\"745\" \/>\n\t<meta property=\"og:image:height\" content=\"993\" \/>\n\t<meta property=\"og:image:type\" content=\"image\/webp\" \/>\n<meta name=\"twitter:card\" content=\"summary_large_image\" \/>\n<meta name=\"twitter:label1\" content=\"Gesch\u00e4tzte Lesezeit\" \/>\n\t<meta name=\"twitter:data1\" content=\"1\u00a0Minute\" \/>\n<script type=\"application\/ld+json\" class=\"yoast-schema-graph\">{\"@context\":\"https:\/\/schema.org\",\"@graph\":[{\"@type\":\"WebPage\",\"@id\":\"https:\/\/www.respomaga.si\/de\/izdelek\/mariendistel-zur-entgiftung-und-fuer-eine-gesunde-leberfunktion\/\",\"url\":\"https:\/\/www.respomaga.si\/de\/izdelek\/mariendistel-zur-entgiftung-und-fuer-eine-gesunde-leberfunktion\/\",\"name\":\"Mariendistel, zur Entgiftung und f\u00fcr eine gesunde Leberfunktion - RESPOMAGA\",\"isPartOf\":{\"@id\":\"https:\/\/www.respomaga.si\/#website\"},\"primaryImageOfPage\":{\"@id\":\"https:\/\/www.respomaga.si\/de\/izdelek\/mariendistel-zur-entgiftung-und-fuer-eine-gesunde-leberfunktion\/#primaryimage\"},\"image\":{\"@id\":\"https:\/\/www.respomaga.si\/de\/izdelek\/mariendistel-zur-entgiftung-und-fuer-eine-gesunde-leberfunktion\/#primaryimage\"},\"thumbnailUrl\":\"https:\/\/www.respomaga.si\/wp-content\/uploads\/2026\/01\/mariendistel-fur-gesunde-leber.webp\",\"datePublished\":\"2025-10-20T13:34:17+00:00\",\"dateModified\":\"2026-01-28T15:14:25+00:00\",\"breadcrumb\":{\"@id\":\"https:\/\/www.respomaga.si\/de\/izdelek\/mariendistel-zur-entgiftung-und-fuer-eine-gesunde-leberfunktion\/#breadcrumb\"},\"inLanguage\":\"de\",\"potentialAction\":[{\"@type\":\"ReadAction\",\"target\":[\"https:\/\/www.respomaga.si\/de\/izdelek\/mariendistel-zur-entgiftung-und-fuer-eine-gesunde-leberfunktion\/\"]}]},{\"@type\":\"ImageObject\",\"inLanguage\":\"de\",\"@id\":\"https:\/\/www.respomaga.si\/de\/izdelek\/mariendistel-zur-entgiftung-und-fuer-eine-gesunde-leberfunktion\/#primaryimage\",\"url\":\"https:\/\/www.respomaga.si\/wp-content\/uploads\/2026\/01\/mariendistel-fur-gesunde-leber.webp\",\"contentUrl\":\"https:\/\/www.respomaga.si\/wp-content\/uploads\/2026\/01\/mariendistel-fur-gesunde-leber.webp\",\"width\":745,\"height\":993},{\"@type\":\"BreadcrumbList\",\"@id\":\"https:\/\/www.respomaga.si\/de\/izdelek\/mariendistel-zur-entgiftung-und-fuer-eine-gesunde-leberfunktion\/#breadcrumb\",\"itemListElement\":[{\"@type\":\"ListItem\",\"position\":1,\"name\":\"Home\",\"item\":\"https:\/\/www.respomaga.si\/de\/\"},{\"@type\":\"ListItem\",\"position\":2,\"name\":\"Shop\",\"item\":\"https:\/\/www.respomaga.si\/shop\/\"},{\"@type\":\"ListItem\",\"position\":3,\"name\":\"Mariendistel, zur Entgiftung und f\u00fcr eine gesunde Leberfunktion\"}]},{\"@type\":\"WebSite\",\"@id\":\"https:\/\/www.respomaga.si\/#website\",\"url\":\"https:\/\/www.respomaga.si\/\",\"name\":\"RESPOMAGA\",\"description\":\"\",\"potentialAction\":[{\"@type\":\"SearchAction\",\"target\":{\"@type\":\"EntryPoint\",\"urlTemplate\":\"https:\/\/www.respomaga.si\/?s={search_term_string}\"},\"query-input\":{\"@type\":\"PropertyValueSpecification\",\"valueRequired\":true,\"valueName\":\"search_term_string\"}}],\"inLanguage\":\"de\"}]}<\/script>\n<!-- \/ Yoast SEO plugin. -->","yoast_head_json":{"title":"Mariendistel, zur Entgiftung und f\u00fcr eine gesunde Leberfunktion - RESPOMAGA","robots":{"index":"index","follow":"follow","max-snippet":"max-snippet:-1","max-image-preview":"max-image-preview:large","max-video-preview":"max-video-preview:-1"},"canonical":"https:\/\/www.respomaga.si\/de\/izdelek\/mariendistel-zur-entgiftung-und-fuer-eine-gesunde-leberfunktion\/","og_locale":"de_DE","og_type":"article","og_title":"Mariendistel, zur Entgiftung und f\u00fcr eine gesunde Leberfunktion - RESPOMAGA","og_description":"Ein Nahrungserg\u00e4nzungsmittel f\u00fcr alle, die ihre Leberfunktion erhalten und f\u00f6rdern m\u00f6chten. Das Produkt ist nat\u00fcrlich und frei von jeglichen Zusatzstoffen. Die Kapseln enthalten Zellulose.  Menge: 30 Kapseln","og_url":"https:\/\/www.respomaga.si\/de\/izdelek\/mariendistel-zur-entgiftung-und-fuer-eine-gesunde-leberfunktion\/","og_site_name":"RESPOMAGA","article_modified_time":"2026-01-28T15:14:25+00:00","og_image":[{"width":745,"height":993,"url":"https:\/\/www.respomaga.si\/wp-content\/uploads\/2026\/01\/mariendistel-fur-gesunde-leber.webp","type":"image\/webp"}],"twitter_card":"summary_large_image","twitter_misc":{"Gesch\u00e4tzte Lesezeit":"1\u00a0Minute"},"schema":{"@context":"https:\/\/schema.org","@graph":[{"@type":"WebPage","@id":"https:\/\/www.respomaga.si\/de\/izdelek\/mariendistel-zur-entgiftung-und-fuer-eine-gesunde-leberfunktion\/","url":"https:\/\/www.respomaga.si\/de\/izdelek\/mariendistel-zur-entgiftung-und-fuer-eine-gesunde-leberfunktion\/","name":"Mariendistel, zur Entgiftung und f\u00fcr eine gesunde Leberfunktion - RESPOMAGA","isPartOf":{"@id":"https:\/\/www.respomaga.si\/#website"},"primaryImageOfPage":{"@id":"https:\/\/www.respomaga.si\/de\/izdelek\/mariendistel-zur-entgiftung-und-fuer-eine-gesunde-leberfunktion\/#primaryimage"},"image":{"@id":"https:\/\/www.respomaga.si\/de\/izdelek\/mariendistel-zur-entgiftung-und-fuer-eine-gesunde-leberfunktion\/#primaryimage"},"thumbnailUrl":"https:\/\/www.respomaga.si\/wp-content\/uploads\/2026\/01\/mariendistel-fur-gesunde-leber.webp","datePublished":"2025-10-20T13:34:17+00:00","dateModified":"2026-01-28T15:14:25+00:00","breadcrumb":{"@id":"https:\/\/www.respomaga.si\/de\/izdelek\/mariendistel-zur-entgiftung-und-fuer-eine-gesunde-leberfunktion\/#breadcrumb"},"inLanguage":"de","potentialAction":[{"@type":"ReadAction","target":["https:\/\/www.respomaga.si\/de\/izdelek\/mariendistel-zur-entgiftung-und-fuer-eine-gesunde-leberfunktion\/"]}]},{"@type":"ImageObject","inLanguage":"de","@id":"https:\/\/www.respomaga.si\/de\/izdelek\/mariendistel-zur-entgiftung-und-fuer-eine-gesunde-leberfunktion\/#primaryimage","url":"https:\/\/www.respomaga.si\/wp-content\/uploads\/2026\/01\/mariendistel-fur-gesunde-leber.webp","contentUrl":"https:\/\/www.respomaga.si\/wp-content\/uploads\/2026\/01\/mariendistel-fur-gesunde-leber.webp","width":745,"height":993},{"@type":"BreadcrumbList","@id":"https:\/\/www.respomaga.si\/de\/izdelek\/mariendistel-zur-entgiftung-und-fuer-eine-gesunde-leberfunktion\/#breadcrumb","itemListElement":[{"@type":"ListItem","position":1,"name":"Home","item":"https:\/\/www.respomaga.si\/de\/"},{"@type":"ListItem","position":2,"name":"Shop","item":"https:\/\/www.respomaga.si\/shop\/"},{"@type":"ListItem","position":3,"name":"Mariendistel, zur Entgiftung und f\u00fcr eine gesunde Leberfunktion"}]},{"@type":"WebSite","@id":"https:\/\/www.respomaga.si\/#website","url":"https:\/\/www.respomaga.si\/","name":"RESPOMAGA","description":"","potentialAction":[{"@type":"SearchAction","target":{"@type":"EntryPoint","urlTemplate":"https:\/\/www.respomaga.si\/?s={search_term_string}"},"query-input":{"@type":"PropertyValueSpecification","valueRequired":true,"valueName":"search_term_string"}}],"inLanguage":"de"}]}},"_links":{"self":[{"href":"https:\/\/www.respomaga.si\/de\/wp-json\/wp\/v2\/product\/40909","targetHints":{"allow":["GET"]}}],"collection":[{"href":"https:\/\/www.respomaga.si\/de\/wp-json\/wp\/v2\/product"}],"about":[{"href":"https:\/\/www.respomaga.si\/de\/wp-json\/wp\/v2\/types\/product"}],"replies":[{"embeddable":true,"href":"https:\/\/www.respomaga.si\/de\/wp-json\/wp\/v2\/comments?post=40909"}],"version-history":[{"count":3,"href":"https:\/\/www.respomaga.si\/de\/wp-json\/wp\/v2\/product\/40909\/revisions"}],"predecessor-version":[{"id":41314,"href":"https:\/\/www.respomaga.si\/de\/wp-json\/wp\/v2\/product\/40909\/revisions\/41314"}],"wp:featuredmedia":[{"embeddable":true,"href":"https:\/\/www.respomaga.si\/de\/wp-json\/wp\/v2\/media\/41288"}],"wp:attachment":[{"href":"https:\/\/www.respomaga.si\/de\/wp-json\/wp\/v2\/media?parent=40909"}],"wp:term":[{"taxonomy":"product_brand","embeddable":true,"href":"https:\/\/www.respomaga.si\/de\/wp-json\/wp\/v2\/product_brand?post=40909"},{"taxonomy":"product_cat","embeddable":true,"href":"https:\/\/www.respomaga.si\/de\/wp-json\/wp\/v2\/product_cat?post=40909"},{"taxonomy":"product_tag","embeddable":true,"href":"https:\/\/www.respomaga.si\/de\/wp-json\/wp\/v2\/product_tag?post=40909"}],"curies":[{"name":"wp","href":"https:\/\/api.w.org\/{rel}","templated":true}]}}