{"id":40901,"date":"2025-10-20T14:34:17","date_gmt":"2025-10-20T13:34:17","guid":{"rendered":"https:\/\/www.respomaga.si\/izdelek\/sikavica-za-ciscenje-i-dobru-funkciju-jetre\/"},"modified":"2026-01-28T16:13:04","modified_gmt":"2026-01-28T15:13:04","slug":"sikavica-za-ciscenje-i-dobru-funkciju-jetre","status":"publish","type":"product","link":"https:\/\/www.respomaga.si\/hr\/izdelek\/sikavica-za-ciscenje-i-dobru-funkciju-jetre\/","title":{"rendered":"Sikavica, za \u010di\u0161\u0107enje i dobru funkciju jetre"},"content":{"rendered":"<div class=\"row\">\n<div class=\"col-xs-12 col-sm-4\">\n<div class=\"cms-block\">\n<p><span style=\"color: #000000;\">UPUTE ZA UPORABU<\/span><br \/>\nPreporu\u010dena dnevna doza je jedna do tri kapsule dnevno s \u010da\u0161om vode ili s hranom tijekom obroka. Proizvod se mo\u017ee koristiti najdulje tri mjeseca. Ovaj tretman odr\u017eavanja mo\u017ee se ponoviti nakon tri do \u0161est mjeseci.<br \/>\n<span style=\"color: #000000;\">\u010cUVANJE<\/span><br \/>\n\u010cuvati izvan dohvata djece! \u010cuvati dobro zatvoreno na suhom mjestu i na temperaturi ne vi\u0161oj od 25\u00b0C.<br \/>\n<span style=\"color: #000000;\">UPOZORENJE<\/span><br \/>\nPreporu\u010dena dnevna doza ne smije se prekora\u010diti. Dodatak prehrani nije zamjena za uravnote\u017eenu i raznoliku prehranu. Ne preporu\u010duje se djeci i trudnicama.<br \/>\nSASTOJCI<br \/>\nSikavica 534 mg i ovojnica kapsule od celuloze.<br \/>\n<span style=\"color: #000000;\"><b>ROK TRAJANJA<\/b><\/span><br \/>\n6 mjeseci. Datum proizvodnje nalazi se na pakiranju.<br \/>\n<span style=\"color: #000000;\">PROIZVO\u0110A\u010c<\/span><b><br \/>\n<\/b>Vizinaris d.o.o., Slovenija<br \/>\n<span style=\"color: #000000;\">NETO TE\u017dINA<b><br \/>\n<\/b><\/span>19,7 g<\/p>\n<\/div>\n<\/div>\n<\/div>\n","protected":false},"excerpt":{"rendered":"<p>Dodatak prehrani za sve koji \u017eele odr\u017eavati i poticati dobru funkciju jetre. Proizvod je prirodan i bez ikakvih dodataka u celuloznim kapsulama.<\/p>\n<p><strong>Koli\u010dina<\/strong>: 30 kapsula<\/p>\n","protected":false},"featured_media":41283,"comment_status":"open","ping_status":"closed","template":"","meta":[],"product_brand":[],"product_cat":[97],"product_tag":[],"class_list":{"0":"post-40901","1":"product","2":"type-product","3":"status-publish","4":"has-post-thumbnail","6":"product_cat-prehranska-dopolnila","8":"first","9":"instock","10":"shipping-taxable","11":"purchasable","12":"product-type-simple"},"yoast_head":"<!-- This site is optimized with the Yoast SEO plugin v27.1.1 - https:\/\/yoast.com\/product\/yoast-seo-wordpress\/ -->\n<title>Sikavica, za \u010di\u0161\u0107enje i dobru funkciju jetre - RESPOMAGA<\/title>\n<meta name=\"robots\" content=\"index, follow, max-snippet:-1, max-image-preview:large, max-video-preview:-1\" \/>\n<link rel=\"canonical\" href=\"https:\/\/www.respomaga.si\/hr\/izdelek\/sikavica-za-ciscenje-i-dobru-funkciju-jetre\/\" \/>\n<meta property=\"og:locale\" content=\"hr_HR\" \/>\n<meta property=\"og:type\" content=\"article\" \/>\n<meta property=\"og:title\" content=\"Sikavica, za \u010di\u0161\u0107enje i dobru funkciju jetre - RESPOMAGA\" \/>\n<meta property=\"og:description\" content=\"Dodatak prehrani za sve koji \u017eele odr\u017eavati i poticati dobru funkciju jetre. Proizvod je prirodan i bez ikakvih dodataka u celuloznim kapsulama.  Koli\u010dina: 30 kapsula\" \/>\n<meta property=\"og:url\" content=\"https:\/\/www.respomaga.si\/hr\/izdelek\/sikavica-za-ciscenje-i-dobru-funkciju-jetre\/\" \/>\n<meta property=\"og:site_name\" content=\"RESPOMAGA\" \/>\n<meta property=\"article:modified_time\" content=\"2026-01-28T15:13:04+00:00\" \/>\n<meta property=\"og:image\" content=\"https:\/\/www.respomaga.si\/wp-content\/uploads\/2026\/01\/sikavica-za-ciscenje-jetre.webp\" \/>\n\t<meta property=\"og:image:width\" content=\"707\" \/>\n\t<meta property=\"og:image:height\" content=\"942\" \/>\n\t<meta property=\"og:image:type\" content=\"image\/webp\" \/>\n<meta name=\"twitter:card\" content=\"summary_large_image\" \/>\n<meta name=\"twitter:label1\" content=\"Procijenjeno vrijeme \u010ditanja\" \/>\n\t<meta name=\"twitter:data1\" content=\"1 minuta\" \/>\n<script type=\"application\/ld+json\" class=\"yoast-schema-graph\">{\"@context\":\"https:\/\/schema.org\",\"@graph\":[{\"@type\":\"WebPage\",\"@id\":\"https:\/\/www.respomaga.si\/hr\/izdelek\/sikavica-za-ciscenje-i-dobru-funkciju-jetre\/\",\"url\":\"https:\/\/www.respomaga.si\/hr\/izdelek\/sikavica-za-ciscenje-i-dobru-funkciju-jetre\/\",\"name\":\"Sikavica, za \u010di\u0161\u0107enje i dobru funkciju jetre - RESPOMAGA\",\"isPartOf\":{\"@id\":\"https:\/\/www.respomaga.si\/#website\"},\"primaryImageOfPage\":{\"@id\":\"https:\/\/www.respomaga.si\/hr\/izdelek\/sikavica-za-ciscenje-i-dobru-funkciju-jetre\/#primaryimage\"},\"image\":{\"@id\":\"https:\/\/www.respomaga.si\/hr\/izdelek\/sikavica-za-ciscenje-i-dobru-funkciju-jetre\/#primaryimage\"},\"thumbnailUrl\":\"https:\/\/www.respomaga.si\/wp-content\/uploads\/2026\/01\/sikavica-za-ciscenje-jetre.webp\",\"datePublished\":\"2025-10-20T13:34:17+00:00\",\"dateModified\":\"2026-01-28T15:13:04+00:00\",\"breadcrumb\":{\"@id\":\"https:\/\/www.respomaga.si\/hr\/izdelek\/sikavica-za-ciscenje-i-dobru-funkciju-jetre\/#breadcrumb\"},\"inLanguage\":\"hr\",\"potentialAction\":[{\"@type\":\"ReadAction\",\"target\":[\"https:\/\/www.respomaga.si\/hr\/izdelek\/sikavica-za-ciscenje-i-dobru-funkciju-jetre\/\"]}]},{\"@type\":\"ImageObject\",\"inLanguage\":\"hr\",\"@id\":\"https:\/\/www.respomaga.si\/hr\/izdelek\/sikavica-za-ciscenje-i-dobru-funkciju-jetre\/#primaryimage\",\"url\":\"https:\/\/www.respomaga.si\/wp-content\/uploads\/2026\/01\/sikavica-za-ciscenje-jetre.webp\",\"contentUrl\":\"https:\/\/www.respomaga.si\/wp-content\/uploads\/2026\/01\/sikavica-za-ciscenje-jetre.webp\",\"width\":707,\"height\":942},{\"@type\":\"BreadcrumbList\",\"@id\":\"https:\/\/www.respomaga.si\/hr\/izdelek\/sikavica-za-ciscenje-i-dobru-funkciju-jetre\/#breadcrumb\",\"itemListElement\":[{\"@type\":\"ListItem\",\"position\":1,\"name\":\"Home\",\"item\":\"https:\/\/www.respomaga.si\/hr\/\"},{\"@type\":\"ListItem\",\"position\":2,\"name\":\"Shop\",\"item\":\"https:\/\/www.respomaga.si\/shop\/\"},{\"@type\":\"ListItem\",\"position\":3,\"name\":\"Sikavica, za \u010di\u0161\u0107enje i dobru funkciju jetre\"}]},{\"@type\":\"WebSite\",\"@id\":\"https:\/\/www.respomaga.si\/#website\",\"url\":\"https:\/\/www.respomaga.si\/\",\"name\":\"RESPOMAGA\",\"description\":\"\",\"potentialAction\":[{\"@type\":\"SearchAction\",\"target\":{\"@type\":\"EntryPoint\",\"urlTemplate\":\"https:\/\/www.respomaga.si\/?s={search_term_string}\"},\"query-input\":{\"@type\":\"PropertyValueSpecification\",\"valueRequired\":true,\"valueName\":\"search_term_string\"}}],\"inLanguage\":\"hr\"}]}<\/script>\n<!-- \/ Yoast SEO plugin. -->","yoast_head_json":{"title":"Sikavica, za \u010di\u0161\u0107enje i dobru funkciju jetre - RESPOMAGA","robots":{"index":"index","follow":"follow","max-snippet":"max-snippet:-1","max-image-preview":"max-image-preview:large","max-video-preview":"max-video-preview:-1"},"canonical":"https:\/\/www.respomaga.si\/hr\/izdelek\/sikavica-za-ciscenje-i-dobru-funkciju-jetre\/","og_locale":"hr_HR","og_type":"article","og_title":"Sikavica, za \u010di\u0161\u0107enje i dobru funkciju jetre - RESPOMAGA","og_description":"Dodatak prehrani za sve koji \u017eele odr\u017eavati i poticati dobru funkciju jetre. Proizvod je prirodan i bez ikakvih dodataka u celuloznim kapsulama.  Koli\u010dina: 30 kapsula","og_url":"https:\/\/www.respomaga.si\/hr\/izdelek\/sikavica-za-ciscenje-i-dobru-funkciju-jetre\/","og_site_name":"RESPOMAGA","article_modified_time":"2026-01-28T15:13:04+00:00","og_image":[{"width":707,"height":942,"url":"https:\/\/www.respomaga.si\/wp-content\/uploads\/2026\/01\/sikavica-za-ciscenje-jetre.webp","type":"image\/webp"}],"twitter_card":"summary_large_image","twitter_misc":{"Procijenjeno vrijeme \u010ditanja":"1 minuta"},"schema":{"@context":"https:\/\/schema.org","@graph":[{"@type":"WebPage","@id":"https:\/\/www.respomaga.si\/hr\/izdelek\/sikavica-za-ciscenje-i-dobru-funkciju-jetre\/","url":"https:\/\/www.respomaga.si\/hr\/izdelek\/sikavica-za-ciscenje-i-dobru-funkciju-jetre\/","name":"Sikavica, za \u010di\u0161\u0107enje i dobru funkciju jetre - RESPOMAGA","isPartOf":{"@id":"https:\/\/www.respomaga.si\/#website"},"primaryImageOfPage":{"@id":"https:\/\/www.respomaga.si\/hr\/izdelek\/sikavica-za-ciscenje-i-dobru-funkciju-jetre\/#primaryimage"},"image":{"@id":"https:\/\/www.respomaga.si\/hr\/izdelek\/sikavica-za-ciscenje-i-dobru-funkciju-jetre\/#primaryimage"},"thumbnailUrl":"https:\/\/www.respomaga.si\/wp-content\/uploads\/2026\/01\/sikavica-za-ciscenje-jetre.webp","datePublished":"2025-10-20T13:34:17+00:00","dateModified":"2026-01-28T15:13:04+00:00","breadcrumb":{"@id":"https:\/\/www.respomaga.si\/hr\/izdelek\/sikavica-za-ciscenje-i-dobru-funkciju-jetre\/#breadcrumb"},"inLanguage":"hr","potentialAction":[{"@type":"ReadAction","target":["https:\/\/www.respomaga.si\/hr\/izdelek\/sikavica-za-ciscenje-i-dobru-funkciju-jetre\/"]}]},{"@type":"ImageObject","inLanguage":"hr","@id":"https:\/\/www.respomaga.si\/hr\/izdelek\/sikavica-za-ciscenje-i-dobru-funkciju-jetre\/#primaryimage","url":"https:\/\/www.respomaga.si\/wp-content\/uploads\/2026\/01\/sikavica-za-ciscenje-jetre.webp","contentUrl":"https:\/\/www.respomaga.si\/wp-content\/uploads\/2026\/01\/sikavica-za-ciscenje-jetre.webp","width":707,"height":942},{"@type":"BreadcrumbList","@id":"https:\/\/www.respomaga.si\/hr\/izdelek\/sikavica-za-ciscenje-i-dobru-funkciju-jetre\/#breadcrumb","itemListElement":[{"@type":"ListItem","position":1,"name":"Home","item":"https:\/\/www.respomaga.si\/hr\/"},{"@type":"ListItem","position":2,"name":"Shop","item":"https:\/\/www.respomaga.si\/shop\/"},{"@type":"ListItem","position":3,"name":"Sikavica, za \u010di\u0161\u0107enje i dobru funkciju jetre"}]},{"@type":"WebSite","@id":"https:\/\/www.respomaga.si\/#website","url":"https:\/\/www.respomaga.si\/","name":"RESPOMAGA","description":"","potentialAction":[{"@type":"SearchAction","target":{"@type":"EntryPoint","urlTemplate":"https:\/\/www.respomaga.si\/?s={search_term_string}"},"query-input":{"@type":"PropertyValueSpecification","valueRequired":true,"valueName":"search_term_string"}}],"inLanguage":"hr"}]}},"_links":{"self":[{"href":"https:\/\/www.respomaga.si\/hr\/wp-json\/wp\/v2\/product\/40901","targetHints":{"allow":["GET"]}}],"collection":[{"href":"https:\/\/www.respomaga.si\/hr\/wp-json\/wp\/v2\/product"}],"about":[{"href":"https:\/\/www.respomaga.si\/hr\/wp-json\/wp\/v2\/types\/product"}],"replies":[{"embeddable":true,"href":"https:\/\/www.respomaga.si\/hr\/wp-json\/wp\/v2\/comments?post=40901"}],"version-history":[{"count":3,"href":"https:\/\/www.respomaga.si\/hr\/wp-json\/wp\/v2\/product\/40901\/revisions"}],"predecessor-version":[{"id":41310,"href":"https:\/\/www.respomaga.si\/hr\/wp-json\/wp\/v2\/product\/40901\/revisions\/41310"}],"wp:featuredmedia":[{"embeddable":true,"href":"https:\/\/www.respomaga.si\/hr\/wp-json\/wp\/v2\/media\/41283"}],"wp:attachment":[{"href":"https:\/\/www.respomaga.si\/hr\/wp-json\/wp\/v2\/media?parent=40901"}],"wp:term":[{"taxonomy":"product_brand","embeddable":true,"href":"https:\/\/www.respomaga.si\/hr\/wp-json\/wp\/v2\/product_brand?post=40901"},{"taxonomy":"product_cat","embeddable":true,"href":"https:\/\/www.respomaga.si\/hr\/wp-json\/wp\/v2\/product_cat?post=40901"},{"taxonomy":"product_tag","embeddable":true,"href":"https:\/\/www.respomaga.si\/hr\/wp-json\/wp\/v2\/product_tag?post=40901"}],"curies":[{"name":"wp","href":"https:\/\/api.w.org\/{rel}","templated":true}]}}