{"id":40914,"date":"2025-10-09T08:18:27","date_gmt":"2025-10-09T07:18:27","guid":{"rendered":"https:\/\/www.respomaga.si\/izdelek\/mlinin-k-za-uravnotezenu-funkciju-bubrega-i-mokracnog-sustava\/"},"modified":"2026-03-12T12:31:05","modified_gmt":"2026-03-12T11:31:05","slug":"mlinin-k-za-uravnotezenu-funkciju-bubrega-i-mokracnog-sustava","status":"publish","type":"product","link":"https:\/\/www.respomaga.si\/hr\/izdelek\/mlinin-k-za-uravnotezenu-funkciju-bubrega-i-mokracnog-sustava\/","title":{"rendered":"MLININ K &#8211; LOT24, za uravnote\u017eenu funkciju bubrega i mokra\u0107nog sustava."},"content":{"rendered":"<div class=\"row\">\n<div class=\"col-xs-12 col-sm-4\">\n<div class=\"cms-block\">\n<p><span style=\"color: #000000;\">UPUTE ZA UPORABU<\/span><br \/>\nPreporu\u010dena dnevna doza je jedna do tri kapsule dnevno s \u010da\u0161om vode. Proizvod se mo\u017ee koristiti najdulje tri mjeseca. Ovaj potporni tretman mo\u017ee se ponoviti nakon tri do \u0161est mjeseci.<br \/>\n<span style=\"color: #000000;\">\u010cUVANJE<\/span><br \/>\n\u010cuvati izvan dohvata djece! \u010cuvati dobro zatvoreno na suhom mjestu i na temperaturi ne vi\u0161oj od 25\u00b0C.<br \/>\n<span style=\"color: #000000;\">UPOZORENJE<\/span><br \/>\nPreporu\u010dena dnevna doza ne smije se prekora\u010diti. Dodatak prehrani nije zamjena za uravnote\u017eenu i raznoliku prehranu. Ne preporu\u010duje se djeci i trudnicama.<br \/>\nSASTOJCI<br \/>\nKo\u017ea pile\u0107ih \u017eeluca 690 mg i ovojnica celulozne kapsule.<br \/>\n<span style=\"color: #000000;\"><b>ROK TRAJANJA<\/b><\/span><br \/>\n6 mjeseci. Datum proizvodnje nalazi se na pakiranju.<br \/>\n<span style=\"color: #000000;\">PROIZVO\u0110A\u010c<\/span><b><br \/>\n<\/b>Vizinaris d.o.o., Slovenija<br \/>\n<span style=\"color: #000000;\">NETO TE\u017dINA<b><br \/>\n<\/b><\/span>24,4 g<\/p>\n<\/div>\n<\/div>\n<\/div>\n","protected":false},"excerpt":{"rendered":"<p>Dodatak prehrani od su\u0161enih ko\u017eica pile\u0107ih \u017eeluca u celuloznim kapsulama. Proizvod je prirodan, napravljen od slovenskih sastojaka i bez aditiva. Uravnote\u017euje funkcioniranje bubrega i mokra\u0107nog sustava.<\/p>\n<p><strong>Koli\u010dina<\/strong>: 30 kapsula<\/p>\n","protected":false},"featured_media":41286,"comment_status":"open","ping_status":"closed","template":"","meta":[],"product_brand":[],"product_cat":[97],"product_tag":[],"class_list":{"0":"post-40914","1":"product","2":"type-product","3":"status-publish","4":"has-post-thumbnail","6":"product_cat-prehranska-dopolnila","8":"first","9":"instock","10":"shipping-taxable","11":"purchasable","12":"product-type-simple"},"yoast_head":"<!-- This site is optimized with the Yoast SEO plugin v27.1.1 - https:\/\/yoast.com\/product\/yoast-seo-wordpress\/ -->\n<title>MLININ K - LOT24, za uravnote\u017eenu funkciju bubrega i mokra\u0107nog sustava. - RESPOMAGA<\/title>\n<meta name=\"robots\" content=\"index, follow, max-snippet:-1, max-image-preview:large, max-video-preview:-1\" \/>\n<link rel=\"canonical\" href=\"https:\/\/www.respomaga.si\/hr\/izdelek\/mlinin-k-za-uravnotezenu-funkciju-bubrega-i-mokracnog-sustava\/\" \/>\n<meta property=\"og:locale\" content=\"hr_HR\" \/>\n<meta property=\"og:type\" content=\"article\" \/>\n<meta property=\"og:title\" content=\"MLININ K - LOT24, za uravnote\u017eenu funkciju bubrega i mokra\u0107nog sustava. - RESPOMAGA\" \/>\n<meta property=\"og:description\" content=\"Dodatak prehrani od su\u0161enih ko\u017eica pile\u0107ih \u017eeluca u celuloznim kapsulama. Proizvod je prirodan, napravljen od slovenskih sastojaka i bez aditiva. Uravnote\u017euje funkcioniranje bubrega i mokra\u0107nog sustava.  Koli\u010dina: 30 kapsula\" \/>\n<meta property=\"og:url\" content=\"https:\/\/www.respomaga.si\/hr\/izdelek\/mlinin-k-za-uravnotezenu-funkciju-bubrega-i-mokracnog-sustava\/\" \/>\n<meta property=\"og:site_name\" content=\"RESPOMAGA\" \/>\n<meta property=\"article:modified_time\" content=\"2026-03-12T11:31:05+00:00\" \/>\n<meta property=\"og:image\" content=\"https:\/\/www.respomaga.si\/wp-content\/uploads\/2026\/01\/mlinin-k-za-bubreg-i-mokracnog-sustav.webp\" \/>\n\t<meta property=\"og:image:width\" content=\"826\" \/>\n\t<meta property=\"og:image:height\" content=\"1102\" \/>\n\t<meta property=\"og:image:type\" content=\"image\/webp\" \/>\n<meta name=\"twitter:card\" content=\"summary_large_image\" \/>\n<meta name=\"twitter:label1\" content=\"Procijenjeno vrijeme \u010ditanja\" \/>\n\t<meta name=\"twitter:data1\" content=\"1 minuta\" \/>\n<script type=\"application\/ld+json\" class=\"yoast-schema-graph\">{\"@context\":\"https:\/\/schema.org\",\"@graph\":[{\"@type\":\"WebPage\",\"@id\":\"https:\/\/www.respomaga.si\/hr\/izdelek\/mlinin-k-za-uravnotezenu-funkciju-bubrega-i-mokracnog-sustava\/\",\"url\":\"https:\/\/www.respomaga.si\/hr\/izdelek\/mlinin-k-za-uravnotezenu-funkciju-bubrega-i-mokracnog-sustava\/\",\"name\":\"MLININ K - LOT24, za uravnote\u017eenu funkciju bubrega i mokra\u0107nog sustava. - RESPOMAGA\",\"isPartOf\":{\"@id\":\"https:\/\/www.respomaga.si\/#website\"},\"primaryImageOfPage\":{\"@id\":\"https:\/\/www.respomaga.si\/hr\/izdelek\/mlinin-k-za-uravnotezenu-funkciju-bubrega-i-mokracnog-sustava\/#primaryimage\"},\"image\":{\"@id\":\"https:\/\/www.respomaga.si\/hr\/izdelek\/mlinin-k-za-uravnotezenu-funkciju-bubrega-i-mokracnog-sustava\/#primaryimage\"},\"thumbnailUrl\":\"https:\/\/www.respomaga.si\/wp-content\/uploads\/2026\/01\/mlinin-k-za-bubreg-i-mokracnog-sustav.webp\",\"datePublished\":\"2025-10-09T07:18:27+00:00\",\"dateModified\":\"2026-03-12T11:31:05+00:00\",\"breadcrumb\":{\"@id\":\"https:\/\/www.respomaga.si\/hr\/izdelek\/mlinin-k-za-uravnotezenu-funkciju-bubrega-i-mokracnog-sustava\/#breadcrumb\"},\"inLanguage\":\"hr\",\"potentialAction\":[{\"@type\":\"ReadAction\",\"target\":[\"https:\/\/www.respomaga.si\/hr\/izdelek\/mlinin-k-za-uravnotezenu-funkciju-bubrega-i-mokracnog-sustava\/\"]}]},{\"@type\":\"ImageObject\",\"inLanguage\":\"hr\",\"@id\":\"https:\/\/www.respomaga.si\/hr\/izdelek\/mlinin-k-za-uravnotezenu-funkciju-bubrega-i-mokracnog-sustava\/#primaryimage\",\"url\":\"https:\/\/www.respomaga.si\/wp-content\/uploads\/2026\/01\/mlinin-k-za-bubreg-i-mokracnog-sustav.webp\",\"contentUrl\":\"https:\/\/www.respomaga.si\/wp-content\/uploads\/2026\/01\/mlinin-k-za-bubreg-i-mokracnog-sustav.webp\",\"width\":826,\"height\":1102},{\"@type\":\"BreadcrumbList\",\"@id\":\"https:\/\/www.respomaga.si\/hr\/izdelek\/mlinin-k-za-uravnotezenu-funkciju-bubrega-i-mokracnog-sustava\/#breadcrumb\",\"itemListElement\":[{\"@type\":\"ListItem\",\"position\":1,\"name\":\"Home\",\"item\":\"https:\/\/www.respomaga.si\/hr\/\"},{\"@type\":\"ListItem\",\"position\":2,\"name\":\"Shop\",\"item\":\"https:\/\/www.respomaga.si\/shop\/\"},{\"@type\":\"ListItem\",\"position\":3,\"name\":\"MLININ K &#8211; LOT24, za uravnote\u017eenu funkciju bubrega i mokra\u0107nog sustava.\"}]},{\"@type\":\"WebSite\",\"@id\":\"https:\/\/www.respomaga.si\/#website\",\"url\":\"https:\/\/www.respomaga.si\/\",\"name\":\"RESPOMAGA\",\"description\":\"\",\"potentialAction\":[{\"@type\":\"SearchAction\",\"target\":{\"@type\":\"EntryPoint\",\"urlTemplate\":\"https:\/\/www.respomaga.si\/?s={search_term_string}\"},\"query-input\":{\"@type\":\"PropertyValueSpecification\",\"valueRequired\":true,\"valueName\":\"search_term_string\"}}],\"inLanguage\":\"hr\"}]}<\/script>\n<!-- \/ Yoast SEO plugin. -->","yoast_head_json":{"title":"MLININ K - LOT24, za uravnote\u017eenu funkciju bubrega i mokra\u0107nog sustava. - RESPOMAGA","robots":{"index":"index","follow":"follow","max-snippet":"max-snippet:-1","max-image-preview":"max-image-preview:large","max-video-preview":"max-video-preview:-1"},"canonical":"https:\/\/www.respomaga.si\/hr\/izdelek\/mlinin-k-za-uravnotezenu-funkciju-bubrega-i-mokracnog-sustava\/","og_locale":"hr_HR","og_type":"article","og_title":"MLININ K - LOT24, za uravnote\u017eenu funkciju bubrega i mokra\u0107nog sustava. - RESPOMAGA","og_description":"Dodatak prehrani od su\u0161enih ko\u017eica pile\u0107ih \u017eeluca u celuloznim kapsulama. Proizvod je prirodan, napravljen od slovenskih sastojaka i bez aditiva. Uravnote\u017euje funkcioniranje bubrega i mokra\u0107nog sustava.  Koli\u010dina: 30 kapsula","og_url":"https:\/\/www.respomaga.si\/hr\/izdelek\/mlinin-k-za-uravnotezenu-funkciju-bubrega-i-mokracnog-sustava\/","og_site_name":"RESPOMAGA","article_modified_time":"2026-03-12T11:31:05+00:00","og_image":[{"width":826,"height":1102,"url":"https:\/\/www.respomaga.si\/wp-content\/uploads\/2026\/01\/mlinin-k-za-bubreg-i-mokracnog-sustav.webp","type":"image\/webp"}],"twitter_card":"summary_large_image","twitter_misc":{"Procijenjeno vrijeme \u010ditanja":"1 minuta"},"schema":{"@context":"https:\/\/schema.org","@graph":[{"@type":"WebPage","@id":"https:\/\/www.respomaga.si\/hr\/izdelek\/mlinin-k-za-uravnotezenu-funkciju-bubrega-i-mokracnog-sustava\/","url":"https:\/\/www.respomaga.si\/hr\/izdelek\/mlinin-k-za-uravnotezenu-funkciju-bubrega-i-mokracnog-sustava\/","name":"MLININ K - LOT24, za uravnote\u017eenu funkciju bubrega i mokra\u0107nog sustava. - RESPOMAGA","isPartOf":{"@id":"https:\/\/www.respomaga.si\/#website"},"primaryImageOfPage":{"@id":"https:\/\/www.respomaga.si\/hr\/izdelek\/mlinin-k-za-uravnotezenu-funkciju-bubrega-i-mokracnog-sustava\/#primaryimage"},"image":{"@id":"https:\/\/www.respomaga.si\/hr\/izdelek\/mlinin-k-za-uravnotezenu-funkciju-bubrega-i-mokracnog-sustava\/#primaryimage"},"thumbnailUrl":"https:\/\/www.respomaga.si\/wp-content\/uploads\/2026\/01\/mlinin-k-za-bubreg-i-mokracnog-sustav.webp","datePublished":"2025-10-09T07:18:27+00:00","dateModified":"2026-03-12T11:31:05+00:00","breadcrumb":{"@id":"https:\/\/www.respomaga.si\/hr\/izdelek\/mlinin-k-za-uravnotezenu-funkciju-bubrega-i-mokracnog-sustava\/#breadcrumb"},"inLanguage":"hr","potentialAction":[{"@type":"ReadAction","target":["https:\/\/www.respomaga.si\/hr\/izdelek\/mlinin-k-za-uravnotezenu-funkciju-bubrega-i-mokracnog-sustava\/"]}]},{"@type":"ImageObject","inLanguage":"hr","@id":"https:\/\/www.respomaga.si\/hr\/izdelek\/mlinin-k-za-uravnotezenu-funkciju-bubrega-i-mokracnog-sustava\/#primaryimage","url":"https:\/\/www.respomaga.si\/wp-content\/uploads\/2026\/01\/mlinin-k-za-bubreg-i-mokracnog-sustav.webp","contentUrl":"https:\/\/www.respomaga.si\/wp-content\/uploads\/2026\/01\/mlinin-k-za-bubreg-i-mokracnog-sustav.webp","width":826,"height":1102},{"@type":"BreadcrumbList","@id":"https:\/\/www.respomaga.si\/hr\/izdelek\/mlinin-k-za-uravnotezenu-funkciju-bubrega-i-mokracnog-sustava\/#breadcrumb","itemListElement":[{"@type":"ListItem","position":1,"name":"Home","item":"https:\/\/www.respomaga.si\/hr\/"},{"@type":"ListItem","position":2,"name":"Shop","item":"https:\/\/www.respomaga.si\/shop\/"},{"@type":"ListItem","position":3,"name":"MLININ K &#8211; LOT24, za uravnote\u017eenu funkciju bubrega i mokra\u0107nog sustava."}]},{"@type":"WebSite","@id":"https:\/\/www.respomaga.si\/#website","url":"https:\/\/www.respomaga.si\/","name":"RESPOMAGA","description":"","potentialAction":[{"@type":"SearchAction","target":{"@type":"EntryPoint","urlTemplate":"https:\/\/www.respomaga.si\/?s={search_term_string}"},"query-input":{"@type":"PropertyValueSpecification","valueRequired":true,"valueName":"search_term_string"}}],"inLanguage":"hr"}]}},"_links":{"self":[{"href":"https:\/\/www.respomaga.si\/hr\/wp-json\/wp\/v2\/product\/40914","targetHints":{"allow":["GET"]}}],"collection":[{"href":"https:\/\/www.respomaga.si\/hr\/wp-json\/wp\/v2\/product"}],"about":[{"href":"https:\/\/www.respomaga.si\/hr\/wp-json\/wp\/v2\/types\/product"}],"replies":[{"embeddable":true,"href":"https:\/\/www.respomaga.si\/hr\/wp-json\/wp\/v2\/comments?post=40914"}],"version-history":[{"count":3,"href":"https:\/\/www.respomaga.si\/hr\/wp-json\/wp\/v2\/product\/40914\/revisions"}],"predecessor-version":[{"id":41789,"href":"https:\/\/www.respomaga.si\/hr\/wp-json\/wp\/v2\/product\/40914\/revisions\/41789"}],"wp:featuredmedia":[{"embeddable":true,"href":"https:\/\/www.respomaga.si\/hr\/wp-json\/wp\/v2\/media\/41286"}],"wp:attachment":[{"href":"https:\/\/www.respomaga.si\/hr\/wp-json\/wp\/v2\/media?parent=40914"}],"wp:term":[{"taxonomy":"product_brand","embeddable":true,"href":"https:\/\/www.respomaga.si\/hr\/wp-json\/wp\/v2\/product_brand?post=40914"},{"taxonomy":"product_cat","embeddable":true,"href":"https:\/\/www.respomaga.si\/hr\/wp-json\/wp\/v2\/product_cat?post=40914"},{"taxonomy":"product_tag","embeddable":true,"href":"https:\/\/www.respomaga.si\/hr\/wp-json\/wp\/v2\/product_tag?post=40914"}],"curies":[{"name":"wp","href":"https:\/\/api.w.org\/{rel}","templated":true}]}}